{"id":1628,"date":"2020-05-22T13:39:28","date_gmt":"2020-05-22T13:39:28","guid":{"rendered":"https:\/\/ayafarmery.com\/imprint\/"},"modified":"2021-05-28T11:37:55","modified_gmt":"2021-05-28T11:37:55","slug":"imprint","status":"publish","type":"page","link":"https:\/\/ayafarmery.com\/de\/imprint\/","title":{"rendered":"IMPRESSUM"},"content":{"rendered":"\t\t<div data-elementor-type=\"wp-page\" data-elementor-id=\"1628\" class=\"elementor elementor-1628 elementor-10\" data-elementor-post-type=\"page\">\n\t\t\t\t\t\t\t\t\t<section class=\"elementor-section elementor-top-section elementor-element elementor-element-5c6259d elementor-section-boxed elementor-section-height-default elementor-section-height-default\" data-id=\"5c6259d\" data-element_type=\"section\">\n\t\t\t\t\t\t<div class=\"elementor-container elementor-column-gap-default\">\n\t\t\t\t\t<div class=\"elementor-column elementor-col-100 elementor-top-column elementor-element elementor-element-a5056bf\" data-id=\"a5056bf\" data-element_type=\"column\">\n\t\t\t<div class=\"elementor-widget-wrap elementor-element-populated\">\n\t\t\t\t\t\t\t\t<div class=\"elementor-element elementor-element-ddc0976 elementor-widget elementor-widget-spacer\" data-id=\"ddc0976\" data-element_type=\"widget\" data-widget_type=\"spacer.default\">\n\t\t\t\t<div class=\"elementor-widget-container\">\n\t\t\t\t\t<div class=\"elementor-spacer\">\n\t\t\t<div class=\"elementor-spacer-inner\"><\/div>\n\t\t<\/div>\n\t\t\t\t<\/div>\n\t\t\t\t<\/div>\n\t\t\t\t<div class=\"elementor-element elementor-element-59250e5 elementor-widget elementor-widget-text-editor\" data-id=\"59250e5\" data-element_type=\"widget\" data-widget_type=\"text-editor.default\">\n\t\t\t\t<div class=\"elementor-widget-container\">\n\t\t\t\t\t\t\t<h1>Impressum<\/h1>\n<h2>Angaben gem\u00e4\u00df \u00a7 5 TMG<\/h2>\n<p>AYA Farmery AG<br \/>\nSteinibachstrasse 4<br \/>\n6317 Oberwil b. Zug<\/p>\n<p>Handelsregister: HR-Nr. CH-170.3.045.221-6<br \/>\nRegistergericht: Handelsregisteramt Zug<\/p>\n<p><strong>Vertreten durch:<\/strong><br \/>\nAlexandra Ettlin<\/p>\n<h2>Kontakt<\/h2>\n<p>Telefon: +41 79 600 15 74<br \/>\nE-Mail: INFO(AT)AYAFARMERY.COM<\/p>\n<h2>Redaktionell Verantwortlicher<\/h2>\n<p>Alexandra Ettlin<br \/>\nSteinibachstrasse 4<br \/>\nCH-6317 Oberwil<\/p>\n<h2>Verbraucher\u00adstreit\u00adbeilegung\/Universal\u00adschlichtungs\u00adstelle<\/h2>\n<p>Wir sind nicht bereit oder verpflichtet, an Streitbeilegungsverfahren vor einer Verbraucherschlichtungsstelle teilzunehmen.<\/p>\n<h3>Haftung f\u00fcr Inhalte<\/h3>\n<p>Als Diensteanbieter sind wir gem\u00e4\u00df \u00a7 7 Abs.1 TMG f\u00fcr eigene Inhalte auf diesen Seiten nach den allgemeinen Gesetzen verantwortlich. Nach \u00a7\u00a7 8 bis 10 TMG sind wir als Diensteanbieter jedoch nicht verpflichtet, \u00fcbermittelte oder gespeicherte fremde Informationen zu \u00fcberwachen oder nach Umst\u00e4nden zu forschen, die auf eine rechtswidrige T\u00e4tigkeit hinweisen.<\/p>\n<p>Verpflichtungen zur Entfernung oder Sperrung der Nutzung von Informationen nach den allgemeinen Gesetzen bleiben hiervon unber\u00fchrt. Eine diesbez\u00fcgliche Haftung ist jedoch erst ab dem Zeitpunkt der Kenntnis einer konkreten Rechtsverletzung m\u00f6glich. Bei Bekanntwerden von entsprechenden Rechtsverletzungen werden wir diese Inhalte umgehend entfernen.<\/p>\n<h3>Haftung f\u00fcr Links<\/h3>\n<p>Unser Angebot enth\u00e4lt Links zu externen Websites Dritter, auf deren Inhalte wir keinen Einfluss haben. Deshalb k\u00f6nnen wir f\u00fcr diese fremden Inhalte auch keine Gew\u00e4hr \u00fcbernehmen. F\u00fcr die Inhalte der verlinkten Seiten ist stets der jeweilige Anbieter oder Betreiber der Seiten verantwortlich. Die verlinkten Seiten wurden zum Zeitpunkt der Verlinkung auf m\u00f6gliche Rechtsverst\u00f6\u00dfe \u00fcberpr\u00fcft. Rechtswidrige Inhalte waren zum Zeitpunkt der Verlinkung nicht erkennbar.<\/p>\n<p>Eine permanente inhaltliche Kontrolle der verlinkten Seiten ist jedoch ohne konkrete Anhaltspunkte einer Rechtsverletzung nicht zumutbar. Bei Bekanntwerden von Rechtsverletzungen werden wir derartige Links umgehend entfernen.<\/p>\n<h3>Urheberrecht<\/h3>\n<p>Die durch die Seitenbetreiber erstellten Inhalte und Werke auf diesen Seiten unterliegen dem deutschen Urheberrecht. Die Vervielf\u00e4ltigung, Bearbeitung, Verbreitung und jede Art der Verwertung au\u00dferhalb der Grenzen des Urheberrechtes bed\u00fcrfen der schriftlichen Zustimmung des jeweiligen Autors bzw. Erstellers. Downloads und Kopien dieser Seite sind nur f\u00fcr den privaten, nicht kommerziellen Gebrauch gestattet.<\/p>\n<p>Soweit die Inhalte auf dieser Seite nicht vom Betreiber erstellt wurden, werden die Urheberrechte Dritter beachtet. Insbesondere werden Inhalte Dritter als solche gekennzeichnet. Sollten Sie trotzdem auf eine Urheberrechtsverletzung aufmerksam werden, bitten wir um einen entsprechenden Hinweis. Bei Bekanntwerden von Rechtsverletzungen werden wir derartige Inhalte umgehend entfernen.<\/p>\n\t\t\t\t\t\t<\/div>\n\t\t\t\t<\/div>\n\t\t\t\t<div class=\"elementor-element elementor-element-5abda7c elementor-widget elementor-widget-spacer\" data-id=\"5abda7c\" data-element_type=\"widget\" data-widget_type=\"spacer.default\">\n\t\t\t\t<div class=\"elementor-widget-container\">\n\t\t\t\t\t<div class=\"elementor-spacer\">\n\t\t\t<div class=\"elementor-spacer-inner\"><\/div>\n\t\t<\/div>\n\t\t\t\t<\/div>\n\t\t\t\t<\/div>\n\t\t\t\t\t<\/div>\n\t\t<\/div>\n\t\t\t\t\t\t\t<\/div>\n\t\t<\/section>\n\t\t\t\t\t\t\t<\/div>\n\t\t","protected":false},"excerpt":{"rendered":"<p>Impressum Angaben gem\u00e4\u00df \u00a7 5 TMG AYA Farmery AG Steinibachstrasse 4 6317 Oberwil b. Zug Handelsregister: HR-Nr. CH-170.3.045.221-6 Registergericht: Handelsregisteramt Zug Vertreten durch: Alexandra Ettlin Kontakt Telefon: +41 79 600 15 74 E-Mail: INFO(AT)AYAFARMERY.COM Redaktionell Verantwortlicher Alexandra Ettlin Steinibachstrasse 4 CH-6317 Oberwil Verbraucher\u00adstreit\u00adbeilegung\/Universal\u00adschlichtungs\u00adstelle Wir sind nicht bereit oder verpflichtet, an Streitbeilegungsverfahren vor einer Verbraucherschlichtungsstelle teilzunehmen. &hellip;<\/p>\n<p class=\"read-more\"> <a class=\"\" href=\"https:\/\/ayafarmery.com\/de\/imprint\/\"> <span class=\"screen-reader-text\">IMPRESSUM<\/span> Read More \u00bb<\/a><\/p>\n","protected":false},"author":1,"featured_media":0,"parent":0,"menu_order":0,"comment_status":"closed","ping_status":"closed","template":"","meta":{"content-type":"","wprm-recipe-roundup-name":"","wprm-recipe-roundup-description":"","site-sidebar-layout":"no-sidebar","site-content-layout":"page-builder","ast-site-content-layout":"","site-content-style":"default","site-sidebar-style":"default","ast-global-header-display":"","ast-banner-title-visibility":"","ast-main-header-display":"","ast-hfb-above-header-display":"","ast-hfb-below-header-display":"","ast-hfb-mobile-header-display":"","site-post-title":"disabled","ast-breadcrumbs-content":"","ast-featured-img":"disabled","footer-sml-layout":"","theme-transparent-header-meta":"default","adv-header-id-meta":"","stick-header-meta":"default","header-above-stick-meta":"","header-main-stick-meta":"","header-below-stick-meta":"","astra-migrate-meta-layouts":"default","ast-page-background-enabled":"default","ast-page-background-meta":{"desktop":{"background-color":"","background-image":"","background-repeat":"repeat","background-position":"center center","background-size":"auto","background-attachment":"scroll","background-type":"","background-media":"","overlay-type":"","overlay-color":"","overlay-gradient":""},"tablet":{"background-color":"","background-image":"","background-repeat":"repeat","background-position":"center center","background-size":"auto","background-attachment":"scroll","background-type":"","background-media":"","overlay-type":"","overlay-color":"","overlay-gradient":""},"mobile":{"background-color":"","background-image":"","background-repeat":"repeat","background-position":"center center","background-size":"auto","background-attachment":"scroll","background-type":"","background-media":"","overlay-type":"","overlay-color":"","overlay-gradient":""}},"ast-content-background-meta":{"desktop":{"background-color":"var(--ast-global-color-5)","background-image":"","background-repeat":"repeat","background-position":"center center","background-size":"auto","background-attachment":"scroll","background-type":"","background-media":"","overlay-type":"","overlay-color":"","overlay-gradient":""},"tablet":{"background-color":"var(--ast-global-color-5)","background-image":"","background-repeat":"repeat","background-position":"center center","background-size":"auto","background-attachment":"scroll","background-type":"","background-media":"","overlay-type":"","overlay-color":"","overlay-gradient":""},"mobile":{"background-color":"var(--ast-global-color-5)","background-image":"","background-repeat":"repeat","background-position":"center center","background-size":"auto","background-attachment":"scroll","background-type":"","background-media":"","overlay-type":"","overlay-color":"","overlay-gradient":""}},"footnotes":""},"yoast_head":"<!-- This site is optimized with the Yoast SEO plugin v21.7 - https:\/\/yoast.com\/wordpress\/plugins\/seo\/ -->\n<title>Impressum | AYA Farmery | Mitarbeitergeschenke &amp; Events<\/title>\n<meta name=\"description\" content=\"AYA Farmery | Corporate Kits &amp; Events | Impressum\" \/>\n<meta name=\"robots\" content=\"index, follow, max-snippet:-1, max-image-preview:large, max-video-preview:-1\" \/>\n<link rel=\"canonical\" href=\"https:\/\/ayafarmery.com\/de\/imprint\/\" \/>\n<meta property=\"og:locale\" content=\"de_DE\" \/>\n<meta property=\"og:type\" content=\"article\" \/>\n<meta property=\"og:title\" content=\"Impressum | AYA Farmery | Mitarbeitergeschenke &amp; Events\" \/>\n<meta property=\"og:description\" content=\"AYA Farmery | Corporate Kits &amp; Events | Impressum\" \/>\n<meta property=\"og:url\" content=\"https:\/\/ayafarmery.com\/de\/imprint\/\" \/>\n<meta property=\"og:site_name\" content=\"AYA Farmery\" \/>\n<meta property=\"article:modified_time\" content=\"2021-05-28T11:37:55+00:00\" \/>\n<meta name=\"twitter:card\" content=\"summary_large_image\" \/>\n<meta name=\"twitter:label1\" content=\"Gesch\u00e4tzte Lesezeit\" \/>\n\t<meta name=\"twitter:data1\" content=\"2\u00a0Minuten\" \/>\n<script type=\"application\/ld+json\" class=\"yoast-schema-graph\">{\"@context\":\"https:\/\/schema.org\",\"@graph\":[{\"@type\":\"WebPage\",\"@id\":\"https:\/\/ayafarmery.com\/de\/imprint\/\",\"url\":\"https:\/\/ayafarmery.com\/de\/imprint\/\",\"name\":\"Impressum | AYA Farmery | Mitarbeitergeschenke & Events\",\"isPartOf\":{\"@id\":\"https:\/\/ayafarmery.com\/de\/#website\"},\"datePublished\":\"2020-05-22T13:39:28+00:00\",\"dateModified\":\"2021-05-28T11:37:55+00:00\",\"description\":\"AYA Farmery | Corporate Kits & Events | Impressum\",\"breadcrumb\":{\"@id\":\"https:\/\/ayafarmery.com\/de\/imprint\/#breadcrumb\"},\"inLanguage\":\"de\",\"potentialAction\":[{\"@type\":\"ReadAction\",\"target\":[\"https:\/\/ayafarmery.com\/de\/imprint\/\"]}]},{\"@type\":\"BreadcrumbList\",\"@id\":\"https:\/\/ayafarmery.com\/de\/imprint\/#breadcrumb\",\"itemListElement\":[{\"@type\":\"ListItem\",\"position\":1,\"name\":\"Startseite\",\"item\":\"https:\/\/ayafarmery.com\/de\/\"},{\"@type\":\"ListItem\",\"position\":2,\"name\":\"IMPRESSUM\"}]},{\"@type\":\"WebSite\",\"@id\":\"https:\/\/ayafarmery.com\/de\/#website\",\"url\":\"https:\/\/ayafarmery.com\/de\/\",\"name\":\"AYA Farmery\",\"description\":\"Inspiring your daily life\",\"publisher\":{\"@id\":\"https:\/\/ayafarmery.com\/de\/#organization\"},\"potentialAction\":[{\"@type\":\"SearchAction\",\"target\":{\"@type\":\"EntryPoint\",\"urlTemplate\":\"https:\/\/ayafarmery.com\/de\/?s={search_term_string}\"},\"query-input\":\"required name=search_term_string\"}],\"inLanguage\":\"de\"},{\"@type\":\"Organization\",\"@id\":\"https:\/\/ayafarmery.com\/de\/#organization\",\"name\":\"AYA Farmery\",\"url\":\"https:\/\/ayafarmery.com\/de\/\",\"logo\":{\"@type\":\"ImageObject\",\"inLanguage\":\"de\",\"@id\":\"https:\/\/ayafarmery.com\/de\/#\/schema\/logo\/image\/\",\"url\":\"https:\/\/ayafarmery.com\/wp-content\/uploads\/2021\/03\/cropped-aya_farmery_typography-black-1.png\",\"contentUrl\":\"https:\/\/ayafarmery.com\/wp-content\/uploads\/2021\/03\/cropped-aya_farmery_typography-black-1.png\",\"width\":2852,\"height\":1323,\"caption\":\"AYA Farmery\"},\"image\":{\"@id\":\"https:\/\/ayafarmery.com\/de\/#\/schema\/logo\/image\/\"}}]}<\/script>\n<!-- \/ Yoast SEO plugin. -->","yoast_head_json":{"title":"Impressum | AYA Farmery | Mitarbeitergeschenke & Events","description":"AYA Farmery | Corporate Kits & Events | Impressum","robots":{"index":"index","follow":"follow","max-snippet":"max-snippet:-1","max-image-preview":"max-image-preview:large","max-video-preview":"max-video-preview:-1"},"canonical":"https:\/\/ayafarmery.com\/de\/imprint\/","og_locale":"de_DE","og_type":"article","og_title":"Impressum | AYA Farmery | Mitarbeitergeschenke & Events","og_description":"AYA Farmery | Corporate Kits & Events | Impressum","og_url":"https:\/\/ayafarmery.com\/de\/imprint\/","og_site_name":"AYA Farmery","article_modified_time":"2021-05-28T11:37:55+00:00","twitter_card":"summary_large_image","twitter_misc":{"Gesch\u00e4tzte Lesezeit":"2\u00a0Minuten"},"schema":{"@context":"https:\/\/schema.org","@graph":[{"@type":"WebPage","@id":"https:\/\/ayafarmery.com\/de\/imprint\/","url":"https:\/\/ayafarmery.com\/de\/imprint\/","name":"Impressum | AYA Farmery | Mitarbeitergeschenke & Events","isPartOf":{"@id":"https:\/\/ayafarmery.com\/de\/#website"},"datePublished":"2020-05-22T13:39:28+00:00","dateModified":"2021-05-28T11:37:55+00:00","description":"AYA Farmery | Corporate Kits & Events | Impressum","breadcrumb":{"@id":"https:\/\/ayafarmery.com\/de\/imprint\/#breadcrumb"},"inLanguage":"de","potentialAction":[{"@type":"ReadAction","target":["https:\/\/ayafarmery.com\/de\/imprint\/"]}]},{"@type":"BreadcrumbList","@id":"https:\/\/ayafarmery.com\/de\/imprint\/#breadcrumb","itemListElement":[{"@type":"ListItem","position":1,"name":"Startseite","item":"https:\/\/ayafarmery.com\/de\/"},{"@type":"ListItem","position":2,"name":"IMPRESSUM"}]},{"@type":"WebSite","@id":"https:\/\/ayafarmery.com\/de\/#website","url":"https:\/\/ayafarmery.com\/de\/","name":"AYA Farmery","description":"Inspiring your daily life","publisher":{"@id":"https:\/\/ayafarmery.com\/de\/#organization"},"potentialAction":[{"@type":"SearchAction","target":{"@type":"EntryPoint","urlTemplate":"https:\/\/ayafarmery.com\/de\/?s={search_term_string}"},"query-input":"required name=search_term_string"}],"inLanguage":"de"},{"@type":"Organization","@id":"https:\/\/ayafarmery.com\/de\/#organization","name":"AYA Farmery","url":"https:\/\/ayafarmery.com\/de\/","logo":{"@type":"ImageObject","inLanguage":"de","@id":"https:\/\/ayafarmery.com\/de\/#\/schema\/logo\/image\/","url":"https:\/\/ayafarmery.com\/wp-content\/uploads\/2021\/03\/cropped-aya_farmery_typography-black-1.png","contentUrl":"https:\/\/ayafarmery.com\/wp-content\/uploads\/2021\/03\/cropped-aya_farmery_typography-black-1.png","width":2852,"height":1323,"caption":"AYA Farmery"},"image":{"@id":"https:\/\/ayafarmery.com\/de\/#\/schema\/logo\/image\/"}}]}},"_links":{"self":[{"href":"https:\/\/ayafarmery.com\/de\/wp-json\/wp\/v2\/pages\/1628"}],"collection":[{"href":"https:\/\/ayafarmery.com\/de\/wp-json\/wp\/v2\/pages"}],"about":[{"href":"https:\/\/ayafarmery.com\/de\/wp-json\/wp\/v2\/types\/page"}],"author":[{"embeddable":true,"href":"https:\/\/ayafarmery.com\/de\/wp-json\/wp\/v2\/users\/1"}],"replies":[{"embeddable":true,"href":"https:\/\/ayafarmery.com\/de\/wp-json\/wp\/v2\/comments?post=1628"}],"version-history":[{"count":17,"href":"https:\/\/ayafarmery.com\/de\/wp-json\/wp\/v2\/pages\/1628\/revisions"}],"predecessor-version":[{"id":2890,"href":"https:\/\/ayafarmery.com\/de\/wp-json\/wp\/v2\/pages\/1628\/revisions\/2890"}],"wp:attachment":[{"href":"https:\/\/ayafarmery.com\/de\/wp-json\/wp\/v2\/media?parent=1628"}],"curies":[{"name":"wp","href":"https:\/\/api.w.org\/{rel}","templated":true}]}}